{"id":4244,"date":"2021-05-21T16:13:16","date_gmt":"2021-05-21T15:13:16","guid":{"rendered":"https:\/\/aquamijas.com\/mon-compte\/"},"modified":"2021-06-07T16:19:22","modified_gmt":"2021-06-07T14:19:22","slug":"mon-compte","status":"publish","type":"page","link":"https:\/\/aquamijas.com\/fr\/mon-compte\/","title":{"rendered":"Mon compte"},"content":{"rendered":"<div class=\"woocommerce\">\n<div class=\"jet-woo-builder-woocommerce-myaccount-login-page\">\n\n\t<div class=\"woocommerce-notices-wrapper\"><\/div>\n\t<div id=\"customer_login\">\n\t\t\n<script type=\"text\/javascript\">\t       \n\t    var wccpf_opt = {\n\t    \teditable : \"no\",\n\t        cloning : \"no\",\n\t        location : \"\",\n\t        validation : \"no\",\n\t        validation_type : \"submit\",\t        \t        \n\t\t\treal_time_price_update : \"disable\",\n\t\t    price_container_is : \"default\",\n\t        price_container : \"\",\n\t        price_details : \"hide\",\t\t\t\n\t        color_picker_functions : [],\n\t\t\tcurrency: \"&euro;\",\n\t\t\tcurrency_position: \"right\",\n\t\t\tnumber_of_decimal: 2,\n\t\t\tthousand_seperator: \".\",\n\t\t\tdecimal_seperator: \",\",\n\t\t\ttrim_zeros: \"no\",\n\t        is_ajax_add_to_cart : \"yes\",\n\t        is_page : \"archive\"\n\t    };\n\t    <\/script>\t\n\n\t\t<div data-elementor-type=\"jet-woo-builder-myaccount\" data-elementor-id=\"5896\" class=\"elementor elementor-5896 elementor-3081\" data-elementor-post-type=\"jet-woo-builder\">\n\t\t\t\t\t\t<section class=\"elementor-section elementor-top-section elementor-element elementor-element-8a59f70 elementor-section-boxed elementor-section-height-default elementor-section-height-default\" data-id=\"8a59f70\" data-element_type=\"section\">\n\t\t\t\t\t\t<div class=\"elementor-container elementor-column-gap-default\">\n\t\t\t\t\t<div class=\"elementor-column elementor-col-50 elementor-top-column elementor-element elementor-element-d3affc7\" data-id=\"d3affc7\" data-element_type=\"column\">\n\t\t\t<div class=\"elementor-widget-wrap elementor-element-populated\">\n\t\t\t\t\t\t<div class=\"elementor-element elementor-element-5b35998 elementor-widget elementor-widget-jet-myaccount-login-form\" data-id=\"5b35998\" data-element_type=\"widget\" data-widget_type=\"jet-myaccount-login-form.default\">\n\t\t\t\t<div class=\"elementor-widget-container\">\n\t\t\t<div class=\"elementor-jet-myaccount-login-form jet-woo-builder\">\n<h2>Se connecter<\/h2>\n\n<form class=\"woocommerce-form woocommerce-form-login login\" method=\"post\">\n\n\t\n\t<p class=\"woocommerce-form-row woocommerce-form-row--wide form-row form-row-wide\">\n\t\t<label for=\"username\">Identifiant ou e-mail&nbsp;<span class=\"required\">*<\/span><\/label>\n\t\t<input type=\"text\" class=\"woocommerce-Input woocommerce-Input--text input-text\" name=\"username\" id=\"username\" autocomplete=\"username\" value=\"\" \/>\t<\/p>\n\t<p class=\"woocommerce-form-row woocommerce-form-row--wide form-row form-row-wide\">\n\t\t<label for=\"password\">Mot de passe&nbsp;<span class=\"required\">*<\/span><\/label>\n\t\t<input class=\"woocommerce-Input woocommerce-Input--text input-text\" type=\"password\" name=\"password\" id=\"password\" autocomplete=\"current-password\" \/>\n\t<\/p>\n\n\t\n\t<p class=\"form-row\">\n\t\t<label class=\"woocommerce-form__label woocommerce-form__label-for-checkbox woocommerce-form-login__rememberme\">\n\t\t\t<input class=\"woocommerce-form__input woocommerce-form__input-checkbox\" name=\"rememberme\" type=\"checkbox\" id=\"rememberme\" value=\"forever\" \/> <span>Se souvenir de moi<\/span>\n\t\t<\/label>\n\t\t<input type=\"hidden\" id=\"woocommerce-login-nonce\" name=\"woocommerce-login-nonce\" value=\"38b840e48f\" \/><input type=\"hidden\" name=\"_wp_http_referer\" value=\"\/fr\/wp-json\/wp\/v2\/pages\/4244\" \/>\t\t<button type=\"submit\" class=\"woocommerce-button button woocommerce-form-login__submit \" name=\"login\" value=\"Se connecter\">Se connecter<\/button>\n\t<\/p>\n\t<p class=\"woocommerce-LostPassword lost_password\">\n\t\t<a href=\"https:\/\/aquamijas.com\/mi-cuenta\/contrasena-pedida\/\">Mot de passe perdu\u00a0?<\/a>\n\t<\/p>\n\n\t\n<\/form><\/div>\t\t<\/div>\n\t\t\t\t<\/div>\n\t\t\t\t\t<\/div>\n\t\t<\/div>\n\t\t\t\t<div class=\"elementor-column elementor-col-50 elementor-top-column elementor-element elementor-element-81abb29\" data-id=\"81abb29\" data-element_type=\"column\">\n\t\t\t<div class=\"elementor-widget-wrap elementor-element-populated\">\n\t\t\t\t\t\t<div class=\"elementor-element elementor-element-10fb6b9 elementor-widget elementor-widget-jet-myaccount-registration-form\" data-id=\"10fb6b9\" data-element_type=\"widget\" data-widget_type=\"jet-myaccount-registration-form.default\">\n\t\t\t\t<div class=\"elementor-widget-container\">\n\t\t\t<div class=\"elementor-jet-myaccount-registration-form jet-woo-builder\">\n<h2>S&rsquo;enregistrer<\/h2>\n\n<form method=\"post\" class=\"woocommerce-form woocommerce-form-register register\"  >\n\n\t\n\t\n\t<p class=\"woocommerce-form-row woocommerce-form-row--wide form-row form-row-wide\">\n\t\t<label for=\"reg_email\">E-mail&nbsp;<span class=\"required\">*<\/span><\/label>\n\t\t<input type=\"email\" class=\"woocommerce-Input woocommerce-Input--text input-text\" name=\"email\" id=\"reg_email\" autocomplete=\"email\" value=\"\" \/>\t<\/p>\n\n\t\n\t\t<p>Un lien permettant de d\u00e9finir un nouveau mot de passe sera envoy\u00e9 \u00e0 votre adresse e-mail.<\/p>\n\n\t\n\t<wc-order-attribution-inputs><\/wc-order-attribution-inputs><div class=\"woocommerce-privacy-policy-text\"><p>Vos donn\u00e9es personnelles seront utilis\u00e9es pour traiter votre commande, am\u00e9liorer votre exp\u00e9rience sur ce site, g\u00e9rer l'acc\u00e8s \u00e0 votre compte et \u00e0 d'autres fins d\u00e9crites dans notre <a href=\"https:\/\/aquamijas.com\/politica-privacidad\/\" class=\"woocommerce-privacy-policy-link\" target=\"_blank\">politique de confidentialit\u00e9<\/a>.<\/p>\n<\/div>\n\t<p class=\"woocommerce-form-row form-row\">\n\t\t<input type=\"hidden\" id=\"woocommerce-register-nonce\" name=\"woocommerce-register-nonce\" value=\"082b46fba5\" \/><input type=\"hidden\" name=\"_wp_http_referer\" value=\"\/fr\/wp-json\/wp\/v2\/pages\/4244\" \/>\t\t<button type=\"submit\" class=\"woocommerce-Button woocommerce-button button woocommerce-form-register__submit \" name=\"register\" value=\"S&rsquo;enregistrer\">S&rsquo;enregistrer<\/button>\n\t<\/p>\n\n\t\n<\/form><\/div>\t\t<\/div>\n\t\t\t\t<\/div>\n\t\t\t\t\t<\/div>\n\t\t<\/div>\n\t\t\t\t\t<\/div>\n\t\t<\/section>\n\t\t\t\t<\/div>\n\t\t\t<\/div>\n\n\t\n<\/div>\n\n<\/div>\n","protected":false},"excerpt":{"rendered":"","protected":false},"author":20,"featured_media":0,"parent":0,"menu_order":0,"comment_status":"closed","ping_status":"closed","template":"","meta":{"inline_featured_image":false,"footnotes":""},"yoast_head":"<!-- This site is optimized with the Yoast SEO plugin v22.6 - https:\/\/yoast.com\/wordpress\/plugins\/seo\/ -->\n<title>Mon compte - AquaMijas<\/title>\n<meta name=\"robots\" content=\"index, follow, max-snippet:-1, max-image-preview:large, max-video-preview:-1\" \/>\n<link rel=\"canonical\" href=\"https:\/\/aquamijas.com\/fr\/mon-compte\/\" \/>\n<meta property=\"og:locale\" content=\"fr_FR\" \/>\n<meta property=\"og:type\" content=\"article\" \/>\n<meta property=\"og:title\" content=\"Mon compte - AquaMijas\" \/>\n<meta property=\"og:url\" content=\"https:\/\/aquamijas.com\/fr\/mon-compte\/\" \/>\n<meta property=\"og:site_name\" content=\"AquaMijas\" \/>\n<meta property=\"article:publisher\" content=\"https:\/\/www.facebook.com\/p\/AquaMijas-Parque-acutico-100078874843755\/\" \/>\n<meta property=\"article:modified_time\" content=\"2021-06-07T14:19:22+00:00\" \/>\n<meta name=\"twitter:card\" content=\"summary_large_image\" \/>\n<script type=\"application\/ld+json\" class=\"yoast-schema-graph\">{\"@context\":\"https:\/\/schema.org\",\"@graph\":[{\"@type\":\"WebPage\",\"@id\":\"https:\/\/aquamijas.com\/fr\/mon-compte\/\",\"url\":\"https:\/\/aquamijas.com\/fr\/mon-compte\/\",\"name\":\"Mon compte - AquaMijas\",\"isPartOf\":{\"@id\":\"https:\/\/aquamijas.com\/fr\/#website\"},\"datePublished\":\"2021-05-21T15:13:16+00:00\",\"dateModified\":\"2021-06-07T14:19:22+00:00\",\"breadcrumb\":{\"@id\":\"https:\/\/aquamijas.com\/fr\/mon-compte\/#breadcrumb\"},\"inLanguage\":\"fr-FR\",\"potentialAction\":[{\"@type\":\"ReadAction\",\"target\":[\"https:\/\/aquamijas.com\/fr\/mon-compte\/\"]}]},{\"@type\":\"BreadcrumbList\",\"@id\":\"https:\/\/aquamijas.com\/fr\/mon-compte\/#breadcrumb\",\"itemListElement\":[{\"@type\":\"ListItem\",\"position\":1,\"name\":\"Portada\",\"item\":\"https:\/\/aquamijas.com\/fr\/\"},{\"@type\":\"ListItem\",\"position\":2,\"name\":\"Mon compte\"}]},{\"@type\":\"WebSite\",\"@id\":\"https:\/\/aquamijas.com\/fr\/#website\",\"url\":\"https:\/\/aquamijas.com\/fr\/\",\"name\":\"AquaMijas\",\"description\":\"Un proyecto de Test Inc\u00f3gnito\",\"publisher\":{\"@id\":\"https:\/\/aquamijas.com\/fr\/#organization\"},\"potentialAction\":[{\"@type\":\"SearchAction\",\"target\":{\"@type\":\"EntryPoint\",\"urlTemplate\":\"https:\/\/aquamijas.com\/fr\/?s={search_term_string}\"},\"query-input\":\"required name=search_term_string\"}],\"inLanguage\":\"fr-FR\"},{\"@type\":\"Organization\",\"@id\":\"https:\/\/aquamijas.com\/fr\/#organization\",\"name\":\"Aquamijas\",\"url\":\"https:\/\/aquamijas.com\/fr\/\",\"logo\":{\"@type\":\"ImageObject\",\"inLanguage\":\"fr-FR\",\"@id\":\"https:\/\/aquamijas.com\/fr\/#\/schema\/logo\/image\/\",\"url\":\"https:\/\/aquamijas.com\/wp-content\/uploads\/2021\/04\/cropped-favicon.png\",\"contentUrl\":\"https:\/\/aquamijas.com\/wp-content\/uploads\/2021\/04\/cropped-favicon.png\",\"width\":512,\"height\":512,\"caption\":\"Aquamijas\"},\"image\":{\"@id\":\"https:\/\/aquamijas.com\/fr\/#\/schema\/logo\/image\/\"},\"sameAs\":[\"https:\/\/www.facebook.com\/p\/AquaMijas-Parque-acutico-100078874843755\/\",\"https:\/\/www.instagram.com\/aquamijas\/\"]}]}<\/script>\n<!-- \/ Yoast SEO plugin. -->","yoast_head_json":{"title":"Mon compte - AquaMijas","robots":{"index":"index","follow":"follow","max-snippet":"max-snippet:-1","max-image-preview":"max-image-preview:large","max-video-preview":"max-video-preview:-1"},"canonical":"https:\/\/aquamijas.com\/fr\/mon-compte\/","og_locale":"fr_FR","og_type":"article","og_title":"Mon compte - AquaMijas","og_url":"https:\/\/aquamijas.com\/fr\/mon-compte\/","og_site_name":"AquaMijas","article_publisher":"https:\/\/www.facebook.com\/p\/AquaMijas-Parque-acutico-100078874843755\/","article_modified_time":"2021-06-07T14:19:22+00:00","twitter_card":"summary_large_image","schema":{"@context":"https:\/\/schema.org","@graph":[{"@type":"WebPage","@id":"https:\/\/aquamijas.com\/fr\/mon-compte\/","url":"https:\/\/aquamijas.com\/fr\/mon-compte\/","name":"Mon compte - AquaMijas","isPartOf":{"@id":"https:\/\/aquamijas.com\/fr\/#website"},"datePublished":"2021-05-21T15:13:16+00:00","dateModified":"2021-06-07T14:19:22+00:00","breadcrumb":{"@id":"https:\/\/aquamijas.com\/fr\/mon-compte\/#breadcrumb"},"inLanguage":"fr-FR","potentialAction":[{"@type":"ReadAction","target":["https:\/\/aquamijas.com\/fr\/mon-compte\/"]}]},{"@type":"BreadcrumbList","@id":"https:\/\/aquamijas.com\/fr\/mon-compte\/#breadcrumb","itemListElement":[{"@type":"ListItem","position":1,"name":"Portada","item":"https:\/\/aquamijas.com\/fr\/"},{"@type":"ListItem","position":2,"name":"Mon compte"}]},{"@type":"WebSite","@id":"https:\/\/aquamijas.com\/fr\/#website","url":"https:\/\/aquamijas.com\/fr\/","name":"AquaMijas","description":"Un proyecto de Test Inc\u00f3gnito","publisher":{"@id":"https:\/\/aquamijas.com\/fr\/#organization"},"potentialAction":[{"@type":"SearchAction","target":{"@type":"EntryPoint","urlTemplate":"https:\/\/aquamijas.com\/fr\/?s={search_term_string}"},"query-input":"required name=search_term_string"}],"inLanguage":"fr-FR"},{"@type":"Organization","@id":"https:\/\/aquamijas.com\/fr\/#organization","name":"Aquamijas","url":"https:\/\/aquamijas.com\/fr\/","logo":{"@type":"ImageObject","inLanguage":"fr-FR","@id":"https:\/\/aquamijas.com\/fr\/#\/schema\/logo\/image\/","url":"https:\/\/aquamijas.com\/wp-content\/uploads\/2021\/04\/cropped-favicon.png","contentUrl":"https:\/\/aquamijas.com\/wp-content\/uploads\/2021\/04\/cropped-favicon.png","width":512,"height":512,"caption":"Aquamijas"},"image":{"@id":"https:\/\/aquamijas.com\/fr\/#\/schema\/logo\/image\/"},"sameAs":["https:\/\/www.facebook.com\/p\/AquaMijas-Parque-acutico-100078874843755\/","https:\/\/www.instagram.com\/aquamijas\/"]}]}},"_links":{"self":[{"href":"https:\/\/aquamijas.com\/fr\/wp-json\/wp\/v2\/pages\/4244"}],"collection":[{"href":"https:\/\/aquamijas.com\/fr\/wp-json\/wp\/v2\/pages"}],"about":[{"href":"https:\/\/aquamijas.com\/fr\/wp-json\/wp\/v2\/types\/page"}],"author":[{"embeddable":true,"href":"https:\/\/aquamijas.com\/fr\/wp-json\/wp\/v2\/users\/20"}],"replies":[{"embeddable":true,"href":"https:\/\/aquamijas.com\/fr\/wp-json\/wp\/v2\/comments?post=4244"}],"version-history":[{"count":0,"href":"https:\/\/aquamijas.com\/fr\/wp-json\/wp\/v2\/pages\/4244\/revisions"}],"wp:attachment":[{"href":"https:\/\/aquamijas.com\/fr\/wp-json\/wp\/v2\/media?parent=4244"}],"curies":[{"name":"wp","href":"https:\/\/api.w.org\/{rel}","templated":true}]}}